{"id":1352,"date":"2023-10-22T18:09:56","date_gmt":"2023-10-22T21:09:56","guid":{"rendered":"https:\/\/drsergiocosta.com\/?page_id=1352"},"modified":"2024-08-02T14:42:03","modified_gmt":"2024-08-02T17:42:03","slug":"elementor-1352","status":"publish","type":"page","link":"https:\/\/drsergiocosta.com\/","title":{"rendered":"Agendamento"},"content":{"rendered":"\t\t<div data-elementor-type=\"wp-page\" data-elementor-id=\"1352\" class=\"elementor elementor-1352\">\n\t\t\t\t<div class=\"elementor-element elementor-element-c20b8e0 e-flex e-con-boxed e-con e-parent\" data-id=\"c20b8e0\" data-element_type=\"container\" data-settings=\"{&quot;background_background&quot;:&quot;classic&quot;}\">\n\t\t\t\t\t<div class=\"e-con-inner\">\n\t\t<div class=\"elementor-element elementor-element-eb458ce e-con-full e-flex e-con e-child\" data-id=\"eb458ce\" data-element_type=\"container\">\n\t\t\t\t<div class=\"elementor-element elementor-element-e44de2a elementor-widget elementor-widget-image\" data-id=\"e44de2a\" data-element_type=\"widget\" data-widget_type=\"image.default\">\n\t\t\t\t<div class=\"elementor-widget-container\">\n\t\t\t<style>\/*! elementor - v3.23.0 - 05-08-2024 *\/\n.elementor-widget-image{text-align:center}.elementor-widget-image a{display:inline-block}.elementor-widget-image a img[src$=\".svg\"]{width:48px}.elementor-widget-image img{vertical-align:middle;display:inline-block}<\/style>\t\t\t\t\t\t\t\t\t\t<img fetchpriority=\"high\" decoding=\"async\" width=\"800\" height=\"830\" src=\"https:\/\/drsergiocosta.com\/wp-content\/uploads\/2020\/12\/sergio-favicon-02.svg\" class=\"attachment-large size-large wp-image-1387\" alt=\"\" \/>\t\t\t\t\t\t\t\t\t\t\t\t\t<\/div>\n\t\t\t\t<\/div>\n\t\t\t\t<\/div>\n\t\t<div class=\"elementor-element elementor-element-0689325 e-con-full e-flex e-con e-child\" data-id=\"0689325\" data-element_type=\"container\">\n\t\t\t\t<div class=\"elementor-element elementor-element-f64158b elementor-widget elementor-widget-heading\" data-id=\"f64158b\" data-element_type=\"widget\" data-widget_type=\"heading.default\">\n\t\t\t\t<div class=\"elementor-widget-container\">\n\t\t\t<style>\/*! elementor - v3.23.0 - 05-08-2024 *\/\n.elementor-heading-title{padding:0;margin:0;line-height:1}.elementor-widget-heading .elementor-heading-title[class*=elementor-size-]>a{color:inherit;font-size:inherit;line-height:inherit}.elementor-widget-heading .elementor-heading-title.elementor-size-small{font-size:15px}.elementor-widget-heading .elementor-heading-title.elementor-size-medium{font-size:19px}.elementor-widget-heading .elementor-heading-title.elementor-size-large{font-size:29px}.elementor-widget-heading .elementor-heading-title.elementor-size-xl{font-size:39px}.elementor-widget-heading .elementor-heading-title.elementor-size-xxl{font-size:59px}<\/style><h2 class=\"elementor-heading-title elementor-size-default\">ARRITMIAS  E MARCAPASSOS<\/h2>\t\t<\/div>\n\t\t\t\t<\/div>\n\t\t\t\t<div class=\"elementor-element elementor-element-40b90c2 elementor-widget elementor-widget-heading\" data-id=\"40b90c2\" data-element_type=\"widget\" data-widget_type=\"heading.default\">\n\t\t\t\t<div class=\"elementor-widget-container\">\n\t\t\t<h2 class=\"elementor-heading-title elementor-size-default\">Dr. Sergio Costa<\/h2>\t\t<\/div>\n\t\t\t\t<\/div>\n\t\t\t\t<\/div>\n\t\t\t\t\t<\/div>\n\t\t\t\t<\/div>\n\t\t<div class=\"elementor-element elementor-element-b161448 e-flex e-con-boxed e-con e-parent\" data-id=\"b161448\" data-element_type=\"container\">\n\t\t\t\t\t<div class=\"e-con-inner\">\n\t\t\t\t<div class=\"elementor-element elementor-element-cd9ca61 elementor-widget elementor-widget-image\" data-id=\"cd9ca61\" data-element_type=\"widget\" data-widget_type=\"image.default\">\n\t\t\t\t<div class=\"elementor-widget-container\">\n\t\t\t\t\t\t\t\t\t\t\t\t\t<img decoding=\"async\" width=\"731\" height=\"1024\" src=\"https:\/\/drsergiocosta.com\/wp-content\/uploads\/2023\/11\/agendamento-731x1024.jpg\" class=\"attachment-large size-large wp-image-1419\" alt=\"\" srcset=\"https:\/\/drsergiocosta.com\/wp-content\/uploads\/2023\/11\/agendamento-731x1024.jpg 731w, https:\/\/drsergiocosta.com\/wp-content\/uploads\/2023\/11\/agendamento-214x300.jpg 214w, https:\/\/drsergiocosta.com\/wp-content\/uploads\/2023\/11\/agendamento-768x1075.jpg 768w, https:\/\/drsergiocosta.com\/wp-content\/uploads\/2023\/11\/agendamento.jpg 1000w\" sizes=\"(max-width: 731px) 100vw, 731px\" \/>\t\t\t\t\t\t\t\t\t\t\t\t\t<\/div>\n\t\t\t\t<\/div>\n\t\t\t\t\t<\/div>\n\t\t\t\t<\/div>\n\t\t<div class=\"elementor-element elementor-element-b53c307 e-flex e-con-boxed e-con e-parent\" data-id=\"b53c307\" data-element_type=\"container\" data-settings=\"{&quot;background_background&quot;:&quot;classic&quot;}\">\n\t\t\t\t\t<div class=\"e-con-inner\">\n\t\t\t\t<div class=\"elementor-element elementor-element-97e3ea5 elementor-mobile-position-left elementor-vertical-align-middle elementor-view-default elementor-position-top elementor-widget elementor-widget-icon-box\" data-id=\"97e3ea5\" data-element_type=\"widget\" data-widget_type=\"icon-box.default\">\n\t\t\t\t<div class=\"elementor-widget-container\">\n\t\t\t<link rel=\"stylesheet\" href=\"https:\/\/drsergiocosta.com\/wp-content\/plugins\/elementor\/assets\/css\/widget-icon-box.min.css\">\t\t<div class=\"elementor-icon-box-wrapper\">\n\n\t\t\t\t\t\t<div class=\"elementor-icon-box-icon\">\n\t\t\t\t<span  class=\"elementor-icon elementor-animation-\">\n\t\t\t\t<i aria-hidden=\"true\" class=\"far fa-calendar-check\"><\/i>\t\t\t\t<\/span>\n\t\t\t<\/div>\n\t\t\t\n\t\t\t\t\t\t<div class=\"elementor-icon-box-content\">\n\n\t\t\t\t\t\t\t\t\t<h3 class=\"elementor-icon-box-title\">\n\t\t\t\t\t\t<span  >\n\t\t\t\t\t\t\tAGENDAMENTO\t\t\t\t\t\t<\/span>\n\t\t\t\t\t<\/h3>\n\t\t\t\t\n\t\t\t\t\t\t\t\t\t<p class=\"elementor-icon-box-description\">\n\t\t\t\t\t\tConfira os locais de atendimento e agende sua consulta.\t\t\t\t\t<\/p>\n\t\t\t\t\n\t\t\t<\/div>\n\t\t\t\n\t\t<\/div>\n\t\t\t\t<\/div>\n\t\t\t\t<\/div>\n\t\t\t\t\t<\/div>\n\t\t\t\t<\/div>\n\t\t<div class=\"elementor-element elementor-element-6c76858 e-flex e-con-boxed e-con e-parent\" data-id=\"6c76858\" data-element_type=\"container\">\n\t\t\t\t\t<div class=\"e-con-inner\">\n\t\t\t\t<div class=\"elementor-element elementor-element-6c61716 elementor-widget elementor-widget-heading\" data-id=\"6c61716\" data-element_type=\"widget\" data-widget_type=\"heading.default\">\n\t\t\t\t<div class=\"elementor-widget-container\">\n\t\t\t<h2 class=\"elementor-heading-title elementor-size-default\">BEL\u00c9M<\/h2>\t\t<\/div>\n\t\t\t\t<\/div>\n\t\t<div class=\"elementor-element elementor-element-29af1db e-con-full e-flex e-con e-child\" data-id=\"29af1db\" data-element_type=\"container\">\n\t\t\t\t<div class=\"elementor-element elementor-element-145254e elementor-widget elementor-widget-heading\" data-id=\"145254e\" data-element_type=\"widget\" data-widget_type=\"heading.default\">\n\t\t\t\t<div class=\"elementor-widget-container\">\n\t\t\t<h2 class=\"elementor-heading-title elementor-size-default\">Hospital Adventista<BR> de Bel\u00e9m<\/h2>\t\t<\/div>\n\t\t\t\t<\/div>\n\t\t\t\t<div class=\"elementor-element elementor-element-a31abb0 elementor-widget elementor-widget-heading\" data-id=\"a31abb0\" data-element_type=\"widget\" data-widget_type=\"heading.default\">\n\t\t\t\t<div class=\"elementor-widget-container\">\n\t\t\t<h2 class=\"elementor-heading-title elementor-size-default\">Particulares e conv\u00eanios<\/h2>\t\t<\/div>\n\t\t\t\t<\/div>\n\t\t\t\t<div class=\"elementor-element elementor-element-3897034 elementor-align-center elementor-mobile-align-center elementor-widget elementor-widget-button\" data-id=\"3897034\" data-element_type=\"widget\" data-widget_type=\"button.default\">\n\t\t\t\t<div class=\"elementor-widget-container\">\n\t\t\t\t\t<div class=\"elementor-button-wrapper\">\n\t\t\t<a class=\"elementor-button elementor-button-link elementor-size-sm\" href=\"tel:9130847533\">\n\t\t\t\t\t\t<span class=\"elementor-button-content-wrapper\">\n\t\t\t\t\t\t<span class=\"elementor-button-icon\">\n\t\t\t\t<i aria-hidden=\"true\" class=\"fas fa-phone-alt\"><\/i>\t\t\t<\/span>\n\t\t\t\t\t\t\t\t\t<span class=\"elementor-button-text\">CALL CENTER<\/span>\n\t\t\t\t\t<\/span>\n\t\t\t\t\t<\/a>\n\t\t<\/div>\n\t\t\t\t<\/div>\n\t\t\t\t<\/div>\n\t\t\t\t<div class=\"elementor-element elementor-element-1d2b608 elementor-align-center elementor-mobile-align-center elementor-widget elementor-widget-button\" data-id=\"1d2b608\" data-element_type=\"widget\" data-widget_type=\"button.default\">\n\t\t\t\t<div class=\"elementor-widget-container\">\n\t\t\t\t\t<div class=\"elementor-button-wrapper\">\n\t\t\t<a class=\"elementor-button elementor-button-link elementor-size-lg\" href=\"https:\/\/agenda.hab.org.br\/\" target=\"_blank\">\n\t\t\t\t\t\t<span class=\"elementor-button-content-wrapper\">\n\t\t\t\t\t\t<span class=\"elementor-button-icon\">\n\t\t\t\t<i aria-hidden=\"true\" class=\"far fa-check-circle\"><\/i>\t\t\t<\/span>\n\t\t\t\t\t\t\t\t\t<span class=\"elementor-button-text\">AGENDAMENTO ONLINE<\/span>\n\t\t\t\t\t<\/span>\n\t\t\t\t\t<\/a>\n\t\t<\/div>\n\t\t\t\t<\/div>\n\t\t\t\t<\/div>\n\t\t\t\t<div class=\"elementor-element elementor-element-1298155 elementor-widget elementor-widget-heading\" data-id=\"1298155\" data-element_type=\"widget\" data-widget_type=\"heading.default\">\n\t\t\t\t<div class=\"elementor-widget-container\">\n\t\t\t<h2 class=\"elementor-heading-title elementor-size-default\">UNIMED e Particulares<\/h2>\t\t<\/div>\n\t\t\t\t<\/div>\n\t\t\t\t<div class=\"elementor-element elementor-element-37fa0c7 elementor-align-center elementor-mobile-align-center elementor-widget elementor-widget-button\" data-id=\"37fa0c7\" data-element_type=\"widget\" data-widget_type=\"button.default\">\n\t\t\t\t<div class=\"elementor-widget-container\">\n\t\t\t\t\t<div class=\"elementor-button-wrapper\">\n\t\t\t<a class=\"elementor-button elementor-button-link elementor-size-sm\" href=\"tel:91993174222\">\n\t\t\t\t\t\t<span class=\"elementor-button-content-wrapper\">\n\t\t\t\t\t\t<span class=\"elementor-button-icon\">\n\t\t\t\t<i aria-hidden=\"true\" class=\"fas fa-phone-alt\"><\/i>\t\t\t<\/span>\n\t\t\t\t\t\t\t\t\t<span class=\"elementor-button-text\">CALL CENTER<\/span>\n\t\t\t\t\t<\/span>\n\t\t\t\t\t<\/a>\n\t\t<\/div>\n\t\t\t\t<\/div>\n\t\t\t\t<\/div>\n\t\t\t\t<div class=\"elementor-element elementor-element-5066c9b elementor-align-center elementor-mobile-align-center elementor-widget elementor-widget-button\" data-id=\"5066c9b\" data-element_type=\"widget\" data-widget_type=\"button.default\">\n\t\t\t\t<div class=\"elementor-widget-container\">\n\t\t\t\t\t<div class=\"elementor-button-wrapper\">\n\t\t\t<a class=\"elementor-button elementor-button-link elementor-size-lg\" href=\"https:\/\/wa.me\/+55091993174222\">\n\t\t\t\t\t\t<span class=\"elementor-button-content-wrapper\">\n\t\t\t\t\t\t<span class=\"elementor-button-icon\">\n\t\t\t\t<svg xmlns=\"http:\/\/www.w3.org\/2000\/svg\" xmlns:xlink=\"http:\/\/www.w3.org\/1999\/xlink\" height=\"800px\" width=\"800px\" id=\"Capa_1\" viewBox=\"0 0 58 58\" xml:space=\"preserve\"><g>\t<path style=\"fill:#2CB742;\" d=\"M0,58l4.988-14.963C2.457,38.78,1,33.812,1,28.5C1,12.76,13.76,0,29.5,0S58,12.76,58,28.5  S45.24,57,29.5,57c-4.789,0-9.299-1.187-13.26-3.273L0,58z\"><\/path>\t<path style=\"fill:#FFFFFF;\" d=\"M47.683,37.985c-1.316-2.487-6.169-5.331-6.169-5.331c-1.098-0.626-2.423-0.696-3.049,0.42  c0,0-1.577,1.891-1.978,2.163c-1.832,1.241-3.529,1.193-5.242-0.52l-3.981-3.981l-3.981-3.981c-1.713-1.713-1.761-3.41-0.52-5.242  c0.272-0.401,2.163-1.978,2.163-1.978c1.116-0.627,1.046-1.951,0.42-3.049c0,0-2.844-4.853-5.331-6.169  c-1.058-0.56-2.357-0.364-3.203,0.482l-1.758,1.758c-5.577,5.577-2.831,11.873,2.746,17.45l5.097,5.097l5.097,5.097  c5.577,5.577,11.873,8.323,17.45,2.746l1.758-1.758C48.048,40.341,48.243,39.042,47.683,37.985z\"><\/path><\/g><\/svg>\t\t\t<\/span>\n\t\t\t\t\t\t\t\t\t<span class=\"elementor-button-text\">WHATSAPP<\/span>\n\t\t\t\t\t<\/span>\n\t\t\t\t\t<\/a>\n\t\t<\/div>\n\t\t\t\t<\/div>\n\t\t\t\t<\/div>\n\t\t\t\t<\/div>\n\t\t\t\t\t<\/div>\n\t\t\t\t<\/div>\n\t\t<div class=\"elementor-element elementor-element-0c920f2 e-flex e-con-boxed e-con e-parent\" data-id=\"0c920f2\" data-element_type=\"container\">\n\t\t\t\t\t<div class=\"e-con-inner\">\n\t\t\t\t<div class=\"elementor-element elementor-element-f982bc4 elementor-widget elementor-widget-heading\" data-id=\"f982bc4\" data-element_type=\"widget\" data-widget_type=\"heading.default\">\n\t\t\t\t<div class=\"elementor-widget-container\">\n\t\t\t<h2 class=\"elementor-heading-title elementor-size-default\">MACAP\u00c1<\/h2>\t\t<\/div>\n\t\t\t\t<\/div>\n\t\t<div class=\"elementor-element elementor-element-ca69e07 e-con-full e-flex e-con e-child\" data-id=\"ca69e07\" data-element_type=\"container\">\n\t\t\t\t<div class=\"elementor-element elementor-element-483976f elementor-widget elementor-widget-heading\" data-id=\"483976f\" data-element_type=\"widget\" data-widget_type=\"heading.default\">\n\t\t\t\t<div class=\"elementor-widget-container\">\n\t\t\t<h2 class=\"elementor-heading-title elementor-size-default\">Hospital S\u00e3o Camilo<\/h2>\t\t<\/div>\n\t\t\t\t<\/div>\n\t\t\t\t<div class=\"elementor-element elementor-element-03decf0 elementor-widget elementor-widget-heading\" data-id=\"03decf0\" data-element_type=\"widget\" data-widget_type=\"heading.default\">\n\t\t\t\t<div class=\"elementor-widget-container\">\n\t\t\t<h2 class=\"elementor-heading-title elementor-size-default\">Particulares e conv\u00eanios<\/h2>\t\t<\/div>\n\t\t\t\t<\/div>\n\t\t\t\t<div class=\"elementor-element elementor-element-97116fb elementor-align-center elementor-mobile-align-center elementor-widget elementor-widget-button\" data-id=\"97116fb\" data-element_type=\"widget\" data-widget_type=\"button.default\">\n\t\t\t\t<div class=\"elementor-widget-container\">\n\t\t\t\t\t<div class=\"elementor-button-wrapper\">\n\t\t\t<a class=\"elementor-button elementor-button-link elementor-size-sm\" href=\"tel:96991167931\">\n\t\t\t\t\t\t<span class=\"elementor-button-content-wrapper\">\n\t\t\t\t\t\t<span class=\"elementor-button-icon\">\n\t\t\t\t<i aria-hidden=\"true\" class=\"fas fa-phone-alt\"><\/i>\t\t\t<\/span>\n\t\t\t\t\t\t\t\t\t<span class=\"elementor-button-text\">CALL CENTER<\/span>\n\t\t\t\t\t<\/span>\n\t\t\t\t\t<\/a>\n\t\t<\/div>\n\t\t\t\t<\/div>\n\t\t\t\t<\/div>\n\t\t\t\t<div class=\"elementor-element elementor-element-b694a63 elementor-align-center elementor-mobile-align-center elementor-widget elementor-widget-button\" data-id=\"b694a63\" data-element_type=\"widget\" data-widget_type=\"button.default\">\n\t\t\t\t<div class=\"elementor-widget-container\">\n\t\t\t\t\t<div class=\"elementor-button-wrapper\">\n\t\t\t<a class=\"elementor-button elementor-button-link elementor-size-lg\" href=\"https:\/\/wa.me\/+55096991167931\">\n\t\t\t\t\t\t<span class=\"elementor-button-content-wrapper\">\n\t\t\t\t\t\t<span class=\"elementor-button-icon\">\n\t\t\t\t<svg xmlns=\"http:\/\/www.w3.org\/2000\/svg\" xmlns:xlink=\"http:\/\/www.w3.org\/1999\/xlink\" height=\"800px\" width=\"800px\" id=\"Capa_1\" viewBox=\"0 0 58 58\" xml:space=\"preserve\"><g>\t<path style=\"fill:#2CB742;\" d=\"M0,58l4.988-14.963C2.457,38.78,1,33.812,1,28.5C1,12.76,13.76,0,29.5,0S58,12.76,58,28.5  S45.24,57,29.5,57c-4.789,0-9.299-1.187-13.26-3.273L0,58z\"><\/path>\t<path style=\"fill:#FFFFFF;\" d=\"M47.683,37.985c-1.316-2.487-6.169-5.331-6.169-5.331c-1.098-0.626-2.423-0.696-3.049,0.42  c0,0-1.577,1.891-1.978,2.163c-1.832,1.241-3.529,1.193-5.242-0.52l-3.981-3.981l-3.981-3.981c-1.713-1.713-1.761-3.41-0.52-5.242  c0.272-0.401,2.163-1.978,2.163-1.978c1.116-0.627,1.046-1.951,0.42-3.049c0,0-2.844-4.853-5.331-6.169  c-1.058-0.56-2.357-0.364-3.203,0.482l-1.758,1.758c-5.577,5.577-2.831,11.873,2.746,17.45l5.097,5.097l5.097,5.097  c5.577,5.577,11.873,8.323,17.45,2.746l1.758-1.758C48.048,40.341,48.243,39.042,47.683,37.985z\"><\/path><\/g><\/svg>\t\t\t<\/span>\n\t\t\t\t\t\t\t\t\t<span class=\"elementor-button-text\">WHATSAPP<\/span>\n\t\t\t\t\t<\/span>\n\t\t\t\t\t<\/a>\n\t\t<\/div>\n\t\t\t\t<\/div>\n\t\t\t\t<\/div>\n\t\t\t\t<div class=\"elementor-element elementor-element-034ea03 elementor-widget elementor-widget-heading\" data-id=\"034ea03\" data-element_type=\"widget\" data-widget_type=\"heading.default\">\n\t\t\t\t<div class=\"elementor-widget-container\">\n\t\t\t<h2 class=\"elementor-heading-title elementor-size-default\">Centrocor<\/h2>\t\t<\/div>\n\t\t\t\t<\/div>\n\t\t\t\t<div class=\"elementor-element elementor-element-0b31e10 elementor-align-center elementor-mobile-align-center elementor-widget elementor-widget-button\" data-id=\"0b31e10\" data-element_type=\"widget\" data-widget_type=\"button.default\">\n\t\t\t\t<div class=\"elementor-widget-container\">\n\t\t\t\t\t<div class=\"elementor-button-wrapper\">\n\t\t\t<a class=\"elementor-button elementor-button-link elementor-size-sm\" href=\"tel:96999702070\">\n\t\t\t\t\t\t<span class=\"elementor-button-content-wrapper\">\n\t\t\t\t\t\t<span class=\"elementor-button-icon\">\n\t\t\t\t<i aria-hidden=\"true\" class=\"fas fa-phone-alt\"><\/i>\t\t\t<\/span>\n\t\t\t\t\t\t\t\t\t<span class=\"elementor-button-text\">CALL CENTER<\/span>\n\t\t\t\t\t<\/span>\n\t\t\t\t\t<\/a>\n\t\t<\/div>\n\t\t\t\t<\/div>\n\t\t\t\t<\/div>\n\t\t\t\t<div class=\"elementor-element elementor-element-40c1108 elementor-align-center elementor-mobile-align-center elementor-widget elementor-widget-button\" data-id=\"40c1108\" data-element_type=\"widget\" data-widget_type=\"button.default\">\n\t\t\t\t<div class=\"elementor-widget-container\">\n\t\t\t\t\t<div class=\"elementor-button-wrapper\">\n\t\t\t<a class=\"elementor-button elementor-button-link elementor-size-lg\" href=\"https:\/\/wa.me\/+55096999702070\">\n\t\t\t\t\t\t<span class=\"elementor-button-content-wrapper\">\n\t\t\t\t\t\t<span class=\"elementor-button-icon\">\n\t\t\t\t<svg xmlns=\"http:\/\/www.w3.org\/2000\/svg\" xmlns:xlink=\"http:\/\/www.w3.org\/1999\/xlink\" height=\"800px\" width=\"800px\" id=\"Capa_1\" viewBox=\"0 0 58 58\" xml:space=\"preserve\"><g>\t<path style=\"fill:#2CB742;\" d=\"M0,58l4.988-14.963C2.457,38.78,1,33.812,1,28.5C1,12.76,13.76,0,29.5,0S58,12.76,58,28.5  S45.24,57,29.5,57c-4.789,0-9.299-1.187-13.26-3.273L0,58z\"><\/path>\t<path style=\"fill:#FFFFFF;\" d=\"M47.683,37.985c-1.316-2.487-6.169-5.331-6.169-5.331c-1.098-0.626-2.423-0.696-3.049,0.42  c0,0-1.577,1.891-1.978,2.163c-1.832,1.241-3.529,1.193-5.242-0.52l-3.981-3.981l-3.981-3.981c-1.713-1.713-1.761-3.41-0.52-5.242  c0.272-0.401,2.163-1.978,2.163-1.978c1.116-0.627,1.046-1.951,0.42-3.049c0,0-2.844-4.853-5.331-6.169  c-1.058-0.56-2.357-0.364-3.203,0.482l-1.758,1.758c-5.577,5.577-2.831,11.873,2.746,17.45l5.097,5.097l5.097,5.097  c5.577,5.577,11.873,8.323,17.45,2.746l1.758-1.758C48.048,40.341,48.243,39.042,47.683,37.985z\"><\/path><\/g><\/svg>\t\t\t<\/span>\n\t\t\t\t\t\t\t\t\t<span class=\"elementor-button-text\">WHATSAPP<\/span>\n\t\t\t\t\t<\/span>\n\t\t\t\t\t<\/a>\n\t\t<\/div>\n\t\t\t\t<\/div>\n\t\t\t\t<\/div>\n\t\t\t\t<\/div>\n\t\t\t\t\t<\/div>\n\t\t\t\t<\/div>\n\t\t<div class=\"elementor-element elementor-element-2840e8c e-flex e-con-boxed e-con e-parent\" data-id=\"2840e8c\" data-element_type=\"container\" data-settings=\"{&quot;background_background&quot;:&quot;classic&quot;}\">\n\t\t\t\t\t<div class=\"e-con-inner\">\n\t\t\t\t<div class=\"elementor-element elementor-element-77d4c1f elementor-widget elementor-widget-image\" data-id=\"77d4c1f\" data-element_type=\"widget\" data-widget_type=\"image.default\">\n\t\t\t\t<div class=\"elementor-widget-container\">\n\t\t\t\t\t\t\t\t\t\t\t\t\t<img decoding=\"async\" width=\"768\" height=\"389\" src=\"https:\/\/drsergiocosta.com\/wp-content\/uploads\/2023\/11\/SERGIO-LOGO-Converted-04-768x389.png\" class=\"attachment-medium_large size-medium_large wp-image-1417\" alt=\"\" srcset=\"https:\/\/drsergiocosta.com\/wp-content\/uploads\/2023\/11\/SERGIO-LOGO-Converted-04-768x389.png 768w, https:\/\/drsergiocosta.com\/wp-content\/uploads\/2023\/11\/SERGIO-LOGO-Converted-04-300x152.png 300w, https:\/\/drsergiocosta.com\/wp-content\/uploads\/2023\/11\/SERGIO-LOGO-Converted-04-1024x519.png 1024w, https:\/\/drsergiocosta.com\/wp-content\/uploads\/2023\/11\/SERGIO-LOGO-Converted-04-1536x779.png 1536w, https:\/\/drsergiocosta.com\/wp-content\/uploads\/2023\/11\/SERGIO-LOGO-Converted-04-2048x1038.png 2048w\" sizes=\"(max-width: 768px) 100vw, 768px\" \/>\t\t\t\t\t\t\t\t\t\t\t\t\t<\/div>\n\t\t\t\t<\/div>\n\t\t\t\t\t<\/div>\n\t\t\t\t<\/div>\n\t\t\t\t<\/div>\n\t\t","protected":false},"excerpt":{"rendered":"<p>ARRITMIAS E MARCAPASSOS Dr. Sergio Costa AGENDAMENTO Confira os locais de atendimento e agende sua consulta. BEL\u00c9M Hospital Adventista de Bel\u00e9m Particulares e conv\u00eanios CALL CENTER AGENDAMENTO ONLINE UNIMED e Particulares CALL CENTER WHATSAPP MACAP\u00c1 Hospital S\u00e3o Camilo Particulares e conv\u00eanios CALL CENTER WHATSAPP Centrocor CALL CENTER WHATSAPP<\/p>\n","protected":false},"author":1,"featured_media":1451,"parent":0,"menu_order":0,"comment_status":"closed","ping_status":"closed","template":"elementor_canvas","meta":{"_monsterinsights_skip_tracking":false,"_monsterinsights_sitenote_active":false,"_monsterinsights_sitenote_note":"","_monsterinsights_sitenote_category":0,"footnotes":""},"class_list":["post-1352","page","type-page","status-publish","has-post-thumbnail","hentry"],"aioseo_notices":[],"_links":{"self":[{"href":"https:\/\/drsergiocosta.com\/index.php\/wp-json\/wp\/v2\/pages\/1352","targetHints":{"allow":["GET"]}}],"collection":[{"href":"https:\/\/drsergiocosta.com\/index.php\/wp-json\/wp\/v2\/pages"}],"about":[{"href":"https:\/\/drsergiocosta.com\/index.php\/wp-json\/wp\/v2\/types\/page"}],"author":[{"embeddable":true,"href":"https:\/\/drsergiocosta.com\/index.php\/wp-json\/wp\/v2\/users\/1"}],"replies":[{"embeddable":true,"href":"https:\/\/drsergiocosta.com\/index.php\/wp-json\/wp\/v2\/comments?post=1352"}],"version-history":[{"count":84,"href":"https:\/\/drsergiocosta.com\/index.php\/wp-json\/wp\/v2\/pages\/1352\/revisions"}],"predecessor-version":[{"id":1509,"href":"https:\/\/drsergiocosta.com\/index.php\/wp-json\/wp\/v2\/pages\/1352\/revisions\/1509"}],"wp:featuredmedia":[{"embeddable":true,"href":"https:\/\/drsergiocosta.com\/index.php\/wp-json\/wp\/v2\/media\/1451"}],"wp:attachment":[{"href":"https:\/\/drsergiocosta.com\/index.php\/wp-json\/wp\/v2\/media?parent=1352"}],"curies":[{"name":"wp","href":"https:\/\/api.w.org\/{rel}","templated":true}]}}